{"id":15875,"date":"2024-01-09T15:35:29","date_gmt":"2024-01-09T15:35:29","guid":{"rendered":"https:\/\/bodegablancayroja.com\/product\/crema-de-aji-y-queso-alacena-huancaina-doypack-400g-14-11oz\/"},"modified":"2024-03-06T01:46:00","modified_gmt":"2024-03-06T01:46:00","slug":"crema-de-aji-y-queso-alacena-huancaina-doypack-400g-14-11oz","status":"publish","type":"product","link":"https:\/\/bodegablancayroja.com\/en\/product\/crema-de-aji-y-queso-alacena-huancaina-doypack-400g-14-11oz\/","title":{"rendered":"AlaCena Huanca\u00edna Huanca\u00edna Chili and Cheese Cream Soup Doypack - 400g\/14.11oz"},"content":{"rendered":"<p>Salsa Huanca\u00edna AlaCena<\/p>\n<p>Crema de Aj\u00ed y Queso<\/p>\n<p>Presentation Doypack of 400g\/14.11oz<\/p>","protected":false},"excerpt":{"rendered":"<p>Salsa Huanca\u00edna AlaCena Crema de Aj\u00ed y Queso Presentaci\u00f3n Doypack de 400g\/14.11oz<\/p>","protected":false},"featured_media":16297,"template":"","meta":{"inline_featured_image":false},"product_brand":[],"product_cat":[78],"product_tag":[],"class_list":{"0":"post-15875","1":"product","2":"type-product","3":"status-publish","4":"has-post-thumbnail","6":"product_cat-cremas-y-salsas","8":"first","9":"instock","10":"taxable","11":"shipping-taxable","12":"purchasable","13":"product-type-simple"},"_links":{"self":[{"href":"https:\/\/bodegablancayroja.com\/en\/wp-json\/wp\/v2\/product\/15875","targetHints":{"allow":["GET"]}}],"collection":[{"href":"https:\/\/bodegablancayroja.com\/en\/wp-json\/wp\/v2\/product"}],"about":[{"href":"https:\/\/bodegablancayroja.com\/en\/wp-json\/wp\/v2\/types\/product"}],"version-history":[{"count":2,"href":"https:\/\/bodegablancayroja.com\/en\/wp-json\/wp\/v2\/product\/15875\/revisions"}],"predecessor-version":[{"id":16298,"href":"https:\/\/bodegablancayroja.com\/en\/wp-json\/wp\/v2\/product\/15875\/revisions\/16298"}],"wp:featuredmedia":[{"embeddable":true,"href":"https:\/\/bodegablancayroja.com\/en\/wp-json\/wp\/v2\/media\/16297"}],"wp:attachment":[{"href":"https:\/\/bodegablancayroja.com\/en\/wp-json\/wp\/v2\/media?parent=15875"}],"wp:term":[{"taxonomy":"product_brand","embeddable":true,"href":"https:\/\/bodegablancayroja.com\/en\/wp-json\/wp\/v2\/product_brand?post=15875"},{"taxonomy":"product_cat","embeddable":true,"href":"https:\/\/bodegablancayroja.com\/en\/wp-json\/wp\/v2\/product_cat?post=15875"},{"taxonomy":"product_tag","embeddable":true,"href":"https:\/\/bodegablancayroja.com\/en\/wp-json\/wp\/v2\/product_tag?post=15875"}],"curies":[{"name":"wp","href":"https:\/\/api.w.org\/{rel}","templated":true}]}}