{"id":15870,"date":"2024-01-09T15:35:27","date_gmt":"2024-01-09T15:35:27","guid":{"rendered":"https:\/\/bodegablancayroja.com\/product\/crema-de-aji-alacena-tari-85g\/"},"modified":"2024-03-06T01:47:31","modified_gmt":"2024-03-06T01:47:31","slug":"crema-de-aji-alacena-tari-85g","status":"publish","type":"product","link":"https:\/\/bodegablancayroja.com\/en\/product\/crema-de-aji-alacena-tari-85g\/","title":{"rendered":"AlaCena Tari Chili Cream - 85g"},"content":{"rendered":"<p>Aj\u00ed Tari AlaCena<\/p>\n<p>Yellow Pepper Cream<\/p>\n<p>Presentaci\u00f3n de 85g<\/p>","protected":false},"excerpt":{"rendered":"<p>Aj\u00ed Tari AlaCena Crema de Aj\u00ed Amarillo Presentaci\u00f3n de 85g<\/p>","protected":false},"featured_media":16305,"template":"","meta":{"inline_featured_image":false},"product_brand":[],"product_cat":[78],"product_tag":[],"class_list":{"0":"post-15870","1":"product","2":"type-product","3":"status-publish","4":"has-post-thumbnail","6":"product_cat-cremas-y-salsas","8":"first","9":"instock","10":"taxable","11":"shipping-taxable","12":"purchasable","13":"product-type-simple"},"_links":{"self":[{"href":"https:\/\/bodegablancayroja.com\/en\/wp-json\/wp\/v2\/product\/15870","targetHints":{"allow":["GET"]}}],"collection":[{"href":"https:\/\/bodegablancayroja.com\/en\/wp-json\/wp\/v2\/product"}],"about":[{"href":"https:\/\/bodegablancayroja.com\/en\/wp-json\/wp\/v2\/types\/product"}],"version-history":[{"count":2,"href":"https:\/\/bodegablancayroja.com\/en\/wp-json\/wp\/v2\/product\/15870\/revisions"}],"predecessor-version":[{"id":16307,"href":"https:\/\/bodegablancayroja.com\/en\/wp-json\/wp\/v2\/product\/15870\/revisions\/16307"}],"wp:featuredmedia":[{"embeddable":true,"href":"https:\/\/bodegablancayroja.com\/en\/wp-json\/wp\/v2\/media\/16305"}],"wp:attachment":[{"href":"https:\/\/bodegablancayroja.com\/en\/wp-json\/wp\/v2\/media?parent=15870"}],"wp:term":[{"taxonomy":"product_brand","embeddable":true,"href":"https:\/\/bodegablancayroja.com\/en\/wp-json\/wp\/v2\/product_brand?post=15870"},{"taxonomy":"product_cat","embeddable":true,"href":"https:\/\/bodegablancayroja.com\/en\/wp-json\/wp\/v2\/product_cat?post=15870"},{"taxonomy":"product_tag","embeddable":true,"href":"https:\/\/bodegablancayroja.com\/en\/wp-json\/wp\/v2\/product_tag?post=15870"}],"curies":[{"name":"wp","href":"https:\/\/api.w.org\/{rel}","templated":true}]}}